{"id":4477,"date":"2016-01-12T16:27:50","date_gmt":"2016-01-12T14:27:50","guid":{"rendered":"https:\/\/napier.no\/?page_id=4477"},"modified":"2026-02-20T15:44:10","modified_gmt":"2026-02-20T13:44:10","slug":"contact-us","status":"publish","type":"page","link":"https:\/\/napier.no\/en\/contact-us\/","title":{"rendered":"Contact us"},"content":{"rendered":"\n<div style=\"height:50px\" aria-hidden=\"true\" class=\"wp-block-spacer\"><\/div>\n\n\n\n<div class=\"wp-block-columns is-layout-flex wp-container-core-columns-is-layout-28f84493 wp-block-columns-is-layout-flex\">\n<div class=\"wp-block-column is-layout-flow wp-block-column-is-layout-flow\">\n<h3 class=\"wp-block-heading\">Kjetil Tufteland<\/h3>\n\n\n\n<p>CEO <br>Ph. 90649083<br>&nbsp;Kjetil@napier.no<\/p>\n<\/div>\n\n\n\n<div class=\"wp-block-column is-layout-flow wp-block-column-is-layout-flow\">\n<h3 class=\"wp-block-heading\">Karoline M Skare<\/h3>\n\n\n\n<p>Administration<br>Ph. 99270489<br>karoline@napier.no<\/p>\n<\/div>\n\n\n\n<div class=\"wp-block-column is-layout-flow wp-block-column-is-layout-flow\">\n<h3 class=\"wp-block-heading\">Madeleine Eidesvik<\/h3>\n\n\n\n<p>HR Trainee<br>Ph. 97408977<br>madeleine@napier.no<\/p>\n<\/div>\n<\/div>\n\n\n\n<div class=\"wp-block-columns is-layout-flex wp-container-core-columns-is-layout-28f84493 wp-block-columns-is-layout-flex\">\n<div class=\"wp-block-column is-layout-flow wp-block-column-is-layout-flow\">\n<h3 class=\"wp-block-heading\">K\u00e5re A. Cederstr\u00f6m<\/h3>\n\n\n\n<p>COO <br>Ph. 99552554<br>Kaare@napier.no<\/p>\n<\/div>\n\n\n\n<div class=\"wp-block-column is-layout-flow wp-block-column-is-layout-flow\">\n<h3 class=\"wp-block-heading\">Kine Olson<\/h3>\n\n\n\n<p>Quality manager<br>Ph. 91794592<br>Kine@napier.no<\/p>\n<\/div>\n\n\n\n<div class=\"wp-block-column is-layout-flow wp-block-column-is-layout-flow\">\n<h3 class=\"wp-block-heading\">Christoffer Eidesvik<\/h3>\n\n\n\n<p>HSEQ Manager<br>Tlf. 47245513<br>christoffer@napier.no<\/p>\n<\/div>\n<\/div>\n\n\n\n<div class=\"wp-block-columns is-layout-flex wp-container-core-columns-is-layout-28f84493 wp-block-columns-is-layout-flex\">\n<div class=\"wp-block-column is-layout-flow wp-block-column-is-layout-flow\">\n<h3 class=\"wp-block-heading\">Camilla Nedland Steinsland<\/h3>\n\n\n\n<p>CFO<br>Ph. 95909425<br>Camilla@napier.no<\/p>\n<\/div>\n\n\n\n<div class=\"wp-block-column is-layout-flow wp-block-column-is-layout-flow\">\n<h3 class=\"wp-block-heading\">Silje Vorland<\/h3>\n\n\n\n<p>HR-coordinator<br>Ph. 93618950<br>Silje@napier.no<\/p>\n<\/div>\n\n\n\n<div class=\"wp-block-column is-layout-flow wp-block-column-is-layout-flow\">\n<h3 class=\"wp-block-heading\">Anne L\u00f8nning M\u00e6hle<\/h3>\n\n\n\n<p>Superintendent<br>Tlf. 97653471<br>anne@napier.no<\/p>\n<\/div>\n<\/div>\n\n\n\n<div class=\"wp-block-columns is-layout-flex wp-container-core-columns-is-layout-28f84493 wp-block-columns-is-layout-flex\">\n<div class=\"wp-block-column is-layout-flow wp-block-column-is-layout-flow\">\n<h3 class=\"wp-block-heading\">Bjarne Vold<\/h3>\n\n\n\n<p>Crew Manager<br>Ph. 91555389<br>Bjarne@napier.no<\/p>\n<\/div>\n\n\n\n<div class=\"wp-block-column is-layout-flow wp-block-column-is-layout-flow\">\n<h3 class=\"wp-block-heading\">Kjersti Vika J\u00f8rs<\/h3>\n\n\n\n<p>Controller<br>Ph. 48289238<br>Kjersti@napier.no<\/p>\n<\/div>\n\n\n\n<div class=\"wp-block-column is-layout-flow wp-block-column-is-layout-flow\">\n<h3 class=\"wp-block-heading\">Morten Geitung<\/h3>\n\n\n\n<p>R&amp;D Manager<br>Tlf. 93422029<br>morten@napier.no<\/p>\n<\/div>\n<\/div>\n\n\n\n<div class=\"wp-block-columns is-layout-flex wp-container-core-columns-is-layout-28f84493 wp-block-columns-is-layout-flex\">\n<div class=\"wp-block-column is-layout-flow wp-block-column-is-layout-flow\">\n<h3 class=\"wp-block-heading\">Jahn Helge Bj\u00f8rnestad<\/h3>\n\n\n\n<p>CCO<br>Ph. 93489239<br>jhb@napier.no<\/p>\n<\/div>\n\n\n\n<div class=\"wp-block-column is-layout-flow wp-block-column-is-layout-flow\">\n<h3 class=\"wp-block-heading\">Espen Samdal<\/h3>\n\n\n\n<p>Technical manager<br>Ph. 97566719<br>Espen@napier.no<\/p>\n<\/div>\n\n\n\n<div class=\"wp-block-column is-layout-flow wp-block-column-is-layout-flow\">\n<h3 class=\"wp-block-heading\">Anneli Tveita<\/h3>\n\n\n\n<p>Crew coordinator<br>Ph. 95902217<br>anneli@napier.no<\/p>\n<\/div>\n<\/div>\n\n\n\n<hr class=\"wp-block-separator has-alpha-channel-opacity\" style=\"margin-top:50px;margin-bottom:50px\"\/>\n\n\n\n<div class=\"wp-block-columns is-layout-flex wp-container-core-columns-is-layout-28f84493 wp-block-columns-is-layout-flex\">\n<div class=\"wp-block-column is-layout-flow wp-block-column-is-layout-flow\">\n<h2 class=\"wp-block-heading\">Tauranga<\/h2>\n\n\n\n<p>Tlf. 90562689<\/p>\n\n\n\n<p>tauranga@napier.no<\/p>\n<\/div>\n\n\n\n<div class=\"wp-block-column is-layout-flow wp-block-column-is-layout-flow\">\n<h2 class=\"wp-block-heading\">Tauroa<\/h2>\n\n\n\n<p>Tlf. 48847810<\/p>\n\n\n\n<p>tauroa@napier.no<\/p>\n<\/div>\n\n\n\n<div class=\"wp-block-column is-layout-flow wp-block-column-is-layout-flow\">\n<h2 class=\"wp-block-heading\">Taupo<\/h2>\n\n\n\n<p>Tlf. 91902933<\/p>\n\n\n\n<p>taupo@napier.no<\/p>\n<\/div>\n<\/div>\n\n\n\n<div class=\"wp-block-columns is-layout-flex wp-container-core-columns-is-layout-28f84493 wp-block-columns-is-layout-flex\">\n<div class=\"wp-block-column is-layout-flow wp-block-column-is-layout-flow\">\n<h2 class=\"wp-block-heading\">Taupiri<\/h2>\n\n\n\n<p>Tlf. 91924232<\/p>\n\n\n\n<p>taupiri@napier.no<\/p>\n<\/div>\n\n\n\n<div class=\"wp-block-column is-layout-flow wp-block-column-is-layout-flow\">\n<h2 class=\"wp-block-heading\">Taumar<\/h2>\n\n\n\n<p>Tlf. 91905429<\/p>\n\n\n\n<p>taumar@napier.no<\/p>\n<\/div>\n\n\n\n<div class=\"wp-block-column is-layout-flow wp-block-column-is-layout-flow\">\n<h2 class=\"wp-block-heading\">Tautiki<\/h2>\n\n\n\n<p>Tlf.<\/p>\n\n\n\n<p>tautiki@napier.no<\/p>\n<\/div>\n<\/div>\n\n\n\n<div style=\"height:50px\" aria-hidden=\"true\" class=\"wp-block-spacer\"><\/div>\n\n\n\n<p>We welcome your feedback if there is anything you think we should be aware of.<\/p>\n\n\n\n<p>Send us your comments via the link, or call us 24\/7 at:&nbsp;53 42 44 00&nbsp;<\/p>\n\n\n\n<div class=\"wp-block-buttons is-layout-flex wp-block-buttons-is-layout-flex\">\n<div class=\"wp-block-button\"><a class=\"wp-block-button__link has-black-color has-text-color has-background has-link-color wp-element-button\" href=\"https:\/\/napier.no\/tilbakemelding\/\" style=\"background-color:#ffcc00\">Feedback<\/a><\/div>\n<\/div>\n\n\n\n<div style=\"height:50px\" aria-hidden=\"true\" class=\"wp-block-spacer\"><\/div>\n\n\n\n<div class=\"wp-block-columns is-layout-flex wp-container-core-columns-is-layout-28f84493 wp-block-columns-is-layout-flex\">\n<div class=\"wp-block-column is-layout-flow wp-block-column-is-layout-flow\" style=\"flex-basis:66.66%\">\n<figure class=\"wp-block-image size-large\"><img fetchpriority=\"high\" decoding=\"async\" width=\"1024\" height=\"699\" src=\"https:\/\/napier.no\/wp-content\/uploads\/2020\/11\/kontor-fra-vei-2-e1605014151313-1024x699.png\" alt=\"\" class=\"wp-image-4456\"\/><\/figure>\n<\/div>\n\n\n\n<div class=\"wp-block-column is-layout-flow wp-block-column-is-layout-flow\" style=\"flex-basis:33.33%\">\n<figure class=\"wp-block-image size-full\"><img decoding=\"async\" src=\"https:\/\/napier.no\/wp-content\/uploads\/napier-logo-pos.svg\" alt=\"\" class=\"wp-image-4894\"\/><\/figure>\n\n\n\n<p>Hovlandsvegen 18<br>5443 B\u00f8mlo<br>Tlf. 53424400<\/p>\n\n\n\n<p><iframe title=\"Hovlandsvegen 18, 5443\" src=\"https:\/\/maps.google.com\/maps?q=Hovlandsvegen%2018%2C%205443&amp;t=m&amp;z=9&amp;output=embed&amp;iwloc=near\" aria-label=\"Hovlandsvegen 18, 5443\"><\/iframe><\/p>\n\n\n\n<p><img decoding=\"async\" class=\"wp-image-4892\" style=\"width: 30px;\" src=\"https:\/\/napier.no\/wp-content\/uploads\/facebook-social-media-logo-icon-free-png.webp\" alt=\"\"> <a href=\"https:\/\/www.facebook.com\/OnsiteHarvesting\/\" target=\"_blank\" rel=\"noopener\">Facebook<br><\/a><\/p>\n<\/div>\n<\/div>\n","protected":false},"excerpt":{"rendered":"<p>Kjetil Tufteland CEO Ph. 90649083&nbsp;Kjetil@napier.no Karoline M Skare AdministrationPh. 99270489karoline@napier.no Madeleine Eidesvik HR TraineePh. 97408977madeleine@napier.no K\u00e5re A. Cederstr\u00f6m COO Ph. 99552554Kaare@napier.no Kine Olson Quality managerPh. 91794592Kine@napier.no Christoffer Eidesvik HSEQ ManagerTlf. 47245513christoffer@napier.no Camilla Nedland Steinsland CFOPh. 95909425Camilla@napier.no Silje Vorland HR-coordinatorPh. 93618950Silje@napier.no Anne L\u00f8nning M\u00e6hle SuperintendentTlf. 97653471anne@napier.no Bjarne Vold Crew ManagerPh. 91555389Bjarne@napier.no Kjersti Vika J\u00f8rs ControllerPh. 48289238Kjersti@napier.no [&hellip;]<\/p>\n","protected":false},"author":28,"featured_media":0,"parent":0,"menu_order":0,"comment_status":"closed","ping_status":"closed","template":"","meta":{"_acf_changed":false,"footnotes":""},"class_list":["post-4477","page","type-page","status-publish","hentry"],"acf":[],"jetpack_sharing_enabled":true,"_links":{"self":[{"href":"https:\/\/napier.no\/en\/wp-json\/wp\/v2\/pages\/4477","targetHints":{"allow":["GET"]}}],"collection":[{"href":"https:\/\/napier.no\/en\/wp-json\/wp\/v2\/pages"}],"about":[{"href":"https:\/\/napier.no\/en\/wp-json\/wp\/v2\/types\/page"}],"author":[{"embeddable":true,"href":"https:\/\/napier.no\/en\/wp-json\/wp\/v2\/users\/28"}],"replies":[{"embeddable":true,"href":"https:\/\/napier.no\/en\/wp-json\/wp\/v2\/comments?post=4477"}],"version-history":[{"count":13,"href":"https:\/\/napier.no\/en\/wp-json\/wp\/v2\/pages\/4477\/revisions"}],"predecessor-version":[{"id":4899,"href":"https:\/\/napier.no\/en\/wp-json\/wp\/v2\/pages\/4477\/revisions\/4899"}],"wp:attachment":[{"href":"https:\/\/napier.no\/en\/wp-json\/wp\/v2\/media?parent=4477"}],"curies":[{"name":"wp","href":"https:\/\/api.w.org\/{rel}","templated":true}]}}